{"id":10516,"date":"2026-02-22T14:58:58","date_gmt":"2026-02-22T13:58:58","guid":{"rendered":"https:\/\/www.plitviceholidaylodge.com\/?page_id=10516"},"modified":"2026-02-22T15:00:33","modified_gmt":"2026-02-22T14:00:33","slug":"informtion","status":"publish","type":"page","link":"https:\/\/www.plitviceholidaylodge.com\/hr\/informtion\/","title":{"rendered":"informtion"},"content":{"rendered":"<div class=\"phl-info\">\n<div class=\"phl-info-grid\">\n    <a class=\"phl-tile\" href=\"#wifi\"><br \/>\n      <span class=\"phl-ico\">\ud83d\udcf6<\/span><br \/>\n      <span class=\"phl-txt\">Wi-Fi<\/span><br \/>\n    <\/a><\/p>\n<p>    <a class=\"phl-tile\" href=\"#check\"><br \/>\n      <span class=\"phl-ico\">\u23f0<\/span><br \/>\n      <span class=\"phl-txt\">Check in\/out<\/span><br \/>\n    <\/a><\/p>\n<p>    <a class=\"phl-tile\" href=\"#contact\"><br \/>\n      <span class=\"phl-ico\">\ud83d\udcde<\/span><br \/>\n      <span class=\"phl-txt\">Kontakt<\/span><br \/>\n    <\/a><\/p>\n<p>    <a class=\"phl-tile\" href=\"#rules\"><br \/>\n      <span class=\"phl-ico\">\ud83d\udccb<\/span><br \/>\n      <span class=\"phl-txt\">House Rules<\/span><br \/>\n    <\/a><\/p>\n<p>    <a class=\"phl-tile\" href=\"#wellness\"><br \/>\n      <span class=\"phl-ico\">\ud83d\udca7<\/span><br \/>\n      <span class=\"phl-txt\">Wellness<\/span><br \/>\n    <\/a><\/p>\n<p>    <a class=\"phl-tile\" href=\"#breakfast\"><br \/>\n      <span class=\"phl-ico\">\ud83e\udd50<\/span><br \/>\n      <span class=\"phl-txt\">Doru\u010dak<\/span><br \/>\n    <\/a>\n  <\/div>\n<div class=\"phl-sections\">\n<section id=\"wifi\" class=\"phl-section\">\n<h2>Wi-Fi<\/h2>\n<p>Upi\u0161i ovdje podatke za Wi-Fi.<\/p>\n<\/section>\n<section id=\"check\" class=\"phl-section\">\n<h2>Check in\/out<\/h2>\n<p>Upi\u0161i ovdje vremena i upute.<\/p>\n<\/section>\n<section id=\"contact\" class=\"phl-section\">\n<h2>Kontakt<\/h2>\n<p>Upi\u0161i ovdje telefon\/WhatsApp i ostalo.<\/p>\n<\/section>\n<section id=\"rules\" class=\"phl-section\">\n<h2>House Rules<\/h2>\n<p>Upi\u0161i ovdje pravila ku\u0107e.<\/p>\n<\/section>\n<section id=\"wellness\" class=\"phl-section\">\n<h2>Wellness<\/h2>\n<p>Upi\u0161i ovdje info o wellnessu.<\/p>\n<\/section>\n<section id=\"breakfast\" class=\"phl-section\">\n<h2>Doru\u010dak<\/h2>\n<p>Upi\u0161i ovdje info o doru\u010dku.<\/p>\n<\/section><\/div>\n<\/div>","protected":false},"excerpt":{"rendered":"<p>\ud83d\udcf6 Wi-Fi \u23f0 Check in\/out \ud83d\udcde Contact \ud83d\udccb House Rules \ud83d\udca7 Wellness \ud83e\udd50 Breakfast Wi-Fi Upi\u0161i ovdje podatke za Wi-Fi. Check in\/out Upi\u0161i ovdje vremena i upute. Contact Upi\u0161i ovdje telefon\/WhatsApp i ostalo. House Rules Upi\u0161i ovdje pravila ku\u0107e. Wellness Upi\u0161i ovdje info o wellnessu. Breakfast Upi\u0161i ovdje info o<\/p>","protected":false},"author":2,"featured_media":0,"parent":0,"menu_order":0,"comment_status":"closed","ping_status":"closed","template":"","meta":{"footnotes":"","_links_to":"","_links_to_target":""},"class_list":["post-10516","page","type-page","status-publish","hentry"],"yoast_head":"<!-- This site is optimized with the Yoast SEO plugin v24.2 - https:\/\/yoast.com\/wordpress\/plugins\/seo\/ -->\n<title>informtion - Plitvice Holiday Lodge<\/title>\n<meta name=\"description\" content=\"Smje\u0161ten uz Nacionalni park Plitvi\u010dka jezera, Plitvice Holiday Lodge nudi idealnu kombinaciju prirodnih atrakcija,kulturnih ljepota te aktivnog i pasivnog odmora za sve one \u017eeljne dobrog provoda.\" \/>\n<meta name=\"robots\" content=\"index, follow, max-snippet:-1, max-image-preview:large, max-video-preview:-1\" \/>\n<link rel=\"canonical\" href=\"https:\/\/www.plitviceholidaylodge.com\/hr\/informtion\/\" \/>\n<meta property=\"og:locale\" content=\"hr_HR\" \/>\n<meta property=\"og:type\" content=\"article\" \/>\n<meta property=\"og:title\" content=\"informtion - Plitvice Holiday Lodge\" \/>\n<meta property=\"og:description\" content=\"Smje\u0161ten uz Nacionalni park Plitvi\u010dka jezera, Plitvice Holiday Lodge nudi idealnu kombinaciju prirodnih atrakcija,kulturnih ljepota te aktivnog i pasivnog odmora za sve one \u017eeljne dobrog provoda.\" \/>\n<meta property=\"og:url\" content=\"https:\/\/www.plitviceholidaylodge.com\/hr\/informtion\/\" \/>\n<meta property=\"og:site_name\" content=\"Plitvice Holiday Lodge\" \/>\n<meta property=\"article:publisher\" content=\"https:\/\/www.facebook.com\/PlitviceHolidayLodge\" \/>\n<meta property=\"article:modified_time\" content=\"2026-02-22T14:00:33+00:00\" \/>\n<meta property=\"og:image\" content=\"https:\/\/www.plitviceholidaylodge.com\/wp-content\/uploads\/2022\/03\/285B8844-scaled.jpg\" \/>\n\t<meta property=\"og:image:width\" content=\"2560\" \/>\n\t<meta property=\"og:image:height\" content=\"1707\" \/>\n\t<meta property=\"og:image:type\" content=\"image\/jpeg\" \/>\n<meta name=\"twitter:card\" content=\"summary_large_image\" \/>\n<script type=\"application\/ld+json\" class=\"yoast-schema-graph\">{\"@context\":\"https:\/\/schema.org\",\"@graph\":[{\"@type\":\"WebPage\",\"@id\":\"https:\/\/www.plitviceholidaylodge.com\/informtion\/\",\"url\":\"https:\/\/www.plitviceholidaylodge.com\/informtion\/\",\"name\":\"informtion - Plitvice Holiday Lodge\",\"isPartOf\":{\"@id\":\"https:\/\/www.plitviceholidaylodge.com\/#website\"},\"datePublished\":\"2026-02-22T13:58:58+00:00\",\"dateModified\":\"2026-02-22T14:00:33+00:00\",\"description\":\"Smje\u0161ten uz Nacionalni park Plitvi\u010dka jezera, Plitvice Holiday Lodge nudi idealnu kombinaciju prirodnih atrakcija,kulturnih ljepota te aktivnog i pasivnog odmora za sve one \u017eeljne dobrog provoda.\",\"breadcrumb\":{\"@id\":\"https:\/\/www.plitviceholidaylodge.com\/informtion\/#breadcrumb\"},\"inLanguage\":\"hr\",\"potentialAction\":[{\"@type\":\"ReadAction\",\"target\":[\"https:\/\/www.plitviceholidaylodge.com\/informtion\/\"]}]},{\"@type\":\"BreadcrumbList\",\"@id\":\"https:\/\/www.plitviceholidaylodge.com\/informtion\/#breadcrumb\",\"itemListElement\":[{\"@type\":\"ListItem\",\"position\":1,\"name\":\"Home\",\"item\":\"https:\/\/www.plitviceholidaylodge.com\/\"},{\"@type\":\"ListItem\",\"position\":2,\"name\":\"informtion\"}]},{\"@type\":\"WebSite\",\"@id\":\"https:\/\/www.plitviceholidaylodge.com\/#website\",\"url\":\"https:\/\/www.plitviceholidaylodge.com\/\",\"name\":\"Plitvice Holiday Lodge\",\"description\":\"cottage with bed&amp;breakfast\",\"publisher\":{\"@id\":\"https:\/\/www.plitviceholidaylodge.com\/#organization\"},\"alternateName\":\"Plitvice Vacation\",\"potentialAction\":[{\"@type\":\"SearchAction\",\"target\":{\"@type\":\"EntryPoint\",\"urlTemplate\":\"https:\/\/www.plitviceholidaylodge.com\/?s={search_term_string}\"},\"query-input\":{\"@type\":\"PropertyValueSpecification\",\"valueRequired\":true,\"valueName\":\"search_term_string\"}}],\"inLanguage\":\"hr\"},{\"@type\":\"Organization\",\"@id\":\"https:\/\/www.plitviceholidaylodge.com\/#organization\",\"name\":\"Plitvice Holiday Lodge\",\"url\":\"https:\/\/www.plitviceholidaylodge.com\/\",\"logo\":{\"@type\":\"ImageObject\",\"inLanguage\":\"hr\",\"@id\":\"https:\/\/www.plitviceholidaylodge.com\/#\/schema\/logo\/image\/\",\"url\":\"https:\/\/www.plitviceholidaylodge.com\/wp-content\/uploads\/2021\/05\/logo-fin-551x319-1.jpg\",\"contentUrl\":\"https:\/\/www.plitviceholidaylodge.com\/wp-content\/uploads\/2021\/05\/logo-fin-551x319-1.jpg\",\"width\":551,\"height\":319,\"caption\":\"Plitvice Holiday Lodge\"},\"image\":{\"@id\":\"https:\/\/www.plitviceholidaylodge.com\/#\/schema\/logo\/image\/\"},\"sameAs\":[\"https:\/\/www.facebook.com\/PlitviceHolidayLodge\"]}]}<\/script>\n<!-- \/ Yoast SEO plugin. -->","yoast_head_json":{"title":"informtion - Plitvice Holiday Lodge","description":"Smje\u0161ten uz Nacionalni park Plitvi\u010dka jezera, Plitvice Holiday Lodge nudi idealnu kombinaciju prirodnih atrakcija,kulturnih ljepota te aktivnog i pasivnog odmora za sve one \u017eeljne dobrog provoda.","robots":{"index":"index","follow":"follow","max-snippet":"max-snippet:-1","max-image-preview":"max-image-preview:large","max-video-preview":"max-video-preview:-1"},"canonical":"https:\/\/www.plitviceholidaylodge.com\/hr\/informtion\/","og_locale":"hr_HR","og_type":"article","og_title":"informtion - Plitvice Holiday Lodge","og_description":"Smje\u0161ten uz Nacionalni park Plitvi\u010dka jezera, Plitvice Holiday Lodge nudi idealnu kombinaciju prirodnih atrakcija,kulturnih ljepota te aktivnog i pasivnog odmora za sve one \u017eeljne dobrog provoda.","og_url":"https:\/\/www.plitviceholidaylodge.com\/hr\/informtion\/","og_site_name":"Plitvice Holiday Lodge","article_publisher":"https:\/\/www.facebook.com\/PlitviceHolidayLodge","article_modified_time":"2026-02-22T14:00:33+00:00","og_image":[{"width":2560,"height":1707,"url":"https:\/\/www.plitviceholidaylodge.com\/wp-content\/uploads\/2022\/03\/285B8844-scaled.jpg","type":"image\/jpeg"}],"twitter_card":"summary_large_image","schema":{"@context":"https:\/\/schema.org","@graph":[{"@type":"WebPage","@id":"https:\/\/www.plitviceholidaylodge.com\/informtion\/","url":"https:\/\/www.plitviceholidaylodge.com\/informtion\/","name":"informtion - Plitvice Holiday Lodge","isPartOf":{"@id":"https:\/\/www.plitviceholidaylodge.com\/#website"},"datePublished":"2026-02-22T13:58:58+00:00","dateModified":"2026-02-22T14:00:33+00:00","description":"Smje\u0161ten uz Nacionalni park Plitvi\u010dka jezera, Plitvice Holiday Lodge nudi idealnu kombinaciju prirodnih atrakcija,kulturnih ljepota te aktivnog i pasivnog odmora za sve one \u017eeljne dobrog provoda.","breadcrumb":{"@id":"https:\/\/www.plitviceholidaylodge.com\/informtion\/#breadcrumb"},"inLanguage":"hr","potentialAction":[{"@type":"ReadAction","target":["https:\/\/www.plitviceholidaylodge.com\/informtion\/"]}]},{"@type":"BreadcrumbList","@id":"https:\/\/www.plitviceholidaylodge.com\/informtion\/#breadcrumb","itemListElement":[{"@type":"ListItem","position":1,"name":"Home","item":"https:\/\/www.plitviceholidaylodge.com\/"},{"@type":"ListItem","position":2,"name":"informtion"}]},{"@type":"WebSite","@id":"https:\/\/www.plitviceholidaylodge.com\/#website","url":"https:\/\/www.plitviceholidaylodge.com\/","name":"Plitvice Holiday Lodge","description":"cottage with bed&amp;breakfast","publisher":{"@id":"https:\/\/www.plitviceholidaylodge.com\/#organization"},"alternateName":"Plitvice Vacation","potentialAction":[{"@type":"SearchAction","target":{"@type":"EntryPoint","urlTemplate":"https:\/\/www.plitviceholidaylodge.com\/?s={search_term_string}"},"query-input":{"@type":"PropertyValueSpecification","valueRequired":true,"valueName":"search_term_string"}}],"inLanguage":"hr"},{"@type":"Organization","@id":"https:\/\/www.plitviceholidaylodge.com\/#organization","name":"Plitvice Holiday Lodge","url":"https:\/\/www.plitviceholidaylodge.com\/","logo":{"@type":"ImageObject","inLanguage":"hr","@id":"https:\/\/www.plitviceholidaylodge.com\/#\/schema\/logo\/image\/","url":"https:\/\/www.plitviceholidaylodge.com\/wp-content\/uploads\/2021\/05\/logo-fin-551x319-1.jpg","contentUrl":"https:\/\/www.plitviceholidaylodge.com\/wp-content\/uploads\/2021\/05\/logo-fin-551x319-1.jpg","width":551,"height":319,"caption":"Plitvice Holiday Lodge"},"image":{"@id":"https:\/\/www.plitviceholidaylodge.com\/#\/schema\/logo\/image\/"},"sameAs":["https:\/\/www.facebook.com\/PlitviceHolidayLodge"]}]}},"_links":{"self":[{"href":"https:\/\/www.plitviceholidaylodge.com\/hr\/wp-json\/wp\/v2\/pages\/10516","targetHints":{"allow":["GET"]}}],"collection":[{"href":"https:\/\/www.plitviceholidaylodge.com\/hr\/wp-json\/wp\/v2\/pages"}],"about":[{"href":"https:\/\/www.plitviceholidaylodge.com\/hr\/wp-json\/wp\/v2\/types\/page"}],"author":[{"embeddable":true,"href":"https:\/\/www.plitviceholidaylodge.com\/hr\/wp-json\/wp\/v2\/users\/2"}],"replies":[{"embeddable":true,"href":"https:\/\/www.plitviceholidaylodge.com\/hr\/wp-json\/wp\/v2\/comments?post=10516"}],"version-history":[{"count":3,"href":"https:\/\/www.plitviceholidaylodge.com\/hr\/wp-json\/wp\/v2\/pages\/10516\/revisions"}],"predecessor-version":[{"id":10519,"href":"https:\/\/www.plitviceholidaylodge.com\/hr\/wp-json\/wp\/v2\/pages\/10516\/revisions\/10519"}],"wp:attachment":[{"href":"https:\/\/www.plitviceholidaylodge.com\/hr\/wp-json\/wp\/v2\/media?parent=10516"}],"curies":[{"name":"wp","href":"https:\/\/api.w.org\/{rel}","templated":true}]}}