{"id":1316,"date":"2017-10-16T04:10:26","date_gmt":"2017-10-16T04:10:26","guid":{"rendered":"http:\/\/ninzio.com\/bauer\/?page_id=1316"},"modified":"2023-12-12T14:34:53","modified_gmt":"2023-12-12T13:34:53","slug":"plitvice-holiday-house","status":"publish","type":"page","link":"https:\/\/www.plitviceholidaylodge.com\/hr\/plitvice-holiday-house\/","title":{"rendered":"PLITVICE HOLIDAY LODGE"},"content":{"rendered":"<div class=\"vc-custom-col-spacing clearfix vc-col-spacing-30\"><section id=\"first-row\" class=\"wpb_row vc_row-fluid vc_custom_1558754119849 vc_row-has-fill\"><div class=\"bauer-container\"><div class=\"row-inner clearfix\"><div class=\"wpb_column vc_column_container vc_col-sm-12\"><div class=\"vc_column-inner\"><div class=\"wpb_wrapper\">\r\n\t<div class=\"bauer-spacer clearfix\" data-desktop=\"60\" data-mobi=\"60\" data-smobi=\"60\"><\/div><div class=\"bauer-content-box clearfix\" ><div class=\"vc-custom-col-inner-spacing clearfix vc-col-inner-spacing-30\"><div class=\"wpb_row vc_inner vc_row-fluid\"><div class=\"wpb_column vc_column_container vc_col-sm-6\"><div class=\"vc_column-inner\"><div class=\"wpb_wrapper\"><div class=\"bauer-single-heading clearfix\" style=\"margin-bottom:25px;\"><span class=\"inner\"><span class=\"heading clearfix\" style=\"font-weight:600;color:#cacaca;font-size:16px;\">\r\n\t\tDOBRODO\u0160LI NA PLITVICE HOLIDAY LODGE\r\n\t<\/span><\/span><\/div><h3 class=\"bauer-text clearfix\" style=\"margin-bottom:32px;\"><p>THE LODGE<\/p>\n<\/h3><div class=\"bauer-icon-box clearfix icon-left align-left hover-style-1 simple\" style=\"border-radius:5px;border:1px solid #e7e7e7;\" ><div class=\"hover\" style=\"border-radius:5px;background-image:url();\"><\/div><div class=\"wrap-inner\" style=\"position: relative;\"><div class=\"image-wrap\" style=\"width:30px;\">\r\n\t\t\t\t<img decoding=\"async\" alt=\"image\" src=\"https:\/\/www.plitviceholidaylodge.com\/wp-content\/uploads\/2021\/05\/PLitvice-ikone-trans-sobe.png\">\r\n\t\t\t<\/div> <h6 class=\"heading\" style=\"padding-left:85px;\">\r\n\t\t\t<span>Superior Double Room<\/span>\r\n\t\t<\/h6><div class=\"url-wrap\" style=\"padding-left:85px;\">\r\n\t\t\t<a target=\"_blank\" class=\"bauer-links link-style-1\" href=\"https:\/\/www.plitviceholidaylodge.com\/en\/superior-double-room\/\" style=\"\">\r\n\t\t\t\t<span class=\"text\">More Details<\/span>\r\n\t\t\t<\/a>\r\n\t\t<\/div> <div class=\"hover\" style=\"border-radius:5px;background-image:url();\"><\/div><\/div><\/div><div class=\"bauer-icon-box clearfix icon-left align-left hover-style-1 simple\" style=\"border-radius:5px;border:1px solid #e7e7e7;\" ><div class=\"hover\" style=\"border-radius:5px;background-image:url();\"><\/div><div class=\"wrap-inner\" style=\"position: relative;\"><div class=\"image-wrap\" style=\"width:30px;\">\r\n\t\t\t\t<img decoding=\"async\" alt=\"image\" src=\"https:\/\/www.plitviceholidaylodge.com\/wp-content\/uploads\/2021\/05\/PLitvice-ikone-trans-sobe.png\">\r\n\t\t\t<\/div> <h6 class=\"heading\" style=\"padding-left:85px;\">\r\n\t\t\t<span>Deluxe Double Room<\/span>\r\n\t\t<\/h6><div class=\"url-wrap\" style=\"padding-left:85px;\">\r\n\t\t\t<a target=\"_blank\" class=\"bauer-links link-style-1\" href=\"https:\/\/www.plitviceholidaylodge.com\/en\/deluxe-double-room\/\" style=\"\">\r\n\t\t\t\t<span class=\"text\">More Details<\/span>\r\n\t\t\t<\/a>\r\n\t\t<\/div> <div class=\"hover\" style=\"border-radius:5px;background-image:url();\"><\/div><\/div><\/div><div class=\"bauer-icon-box clearfix icon-left align-left hover-style-1 simple\" style=\"border-radius:5px;border:1px solid #e7e7e7;\" ><div class=\"hover\" style=\"border-radius:5px;background-image:url();\"><\/div><div class=\"wrap-inner\" style=\"position: relative;\"><div class=\"image-wrap\" style=\"width:30px;\">\r\n\t\t\t\t<img decoding=\"async\" alt=\"image\" src=\"https:\/\/www.plitviceholidaylodge.com\/wp-content\/uploads\/2021\/05\/PLitvice-ikone-trans-sobe.png\">\r\n\t\t\t<\/div> <h6 class=\"heading\" style=\"padding-left:85px;\">\r\n\t\t\t<span>King Room<\/span>\r\n\t\t<\/h6><div class=\"url-wrap\" style=\"padding-left:85px;\">\r\n\t\t\t<a target=\"_blank\" class=\"bauer-links link-style-1\" href=\"https:\/\/www.plitviceholidaylodge.com\/en\/king-room\/\" style=\"\">\r\n\t\t\t\t<span class=\"text\">More Details<\/span>\r\n\t\t\t<\/a>\r\n\t\t<\/div> <div class=\"hover\" style=\"border-radius:5px;background-image:url();\"><\/div><\/div><\/div><div class=\"bauer-icon-box clearfix icon-left align-left hover-style-1 simple\" style=\"border-radius:5px;border:1px solid #e7e7e7;\" ><div class=\"hover\" style=\"border-radius:5px;background-image:url();\"><\/div><div class=\"wrap-inner\" style=\"position: relative;\"><div class=\"image-wrap\" style=\"width:30px;\">\r\n\t\t\t\t<img decoding=\"async\" alt=\"image\" src=\"https:\/\/www.plitviceholidaylodge.com\/wp-content\/uploads\/2021\/05\/PLitvice-ikone-trans-sobe.png\">\r\n\t\t\t<\/div> <h6 class=\"heading\" style=\"padding-left:85px;\">\r\n\t\t\t<span>Deluxe King Room \u2013 Attic<\/span>\r\n\t\t<\/h6><div class=\"url-wrap\" style=\"padding-left:85px;\">\r\n\t\t\t<a target=\"_blank\" class=\"bauer-links link-style-1\" href=\"https:\/\/www.plitviceholidaylodge.com\/en\/deluxe-king-room-attic\/\" style=\"\">\r\n\t\t\t\t<span class=\"text\">More Details<\/span>\r\n\t\t\t<\/a>\r\n\t\t<\/div> <div class=\"hover\" style=\"border-radius:5px;background-image:url();\"><\/div><\/div><\/div><div class=\"bauer-icon-box clearfix icon-left align-left hover-style-1 simple\" style=\"border-radius:5px;border:1px solid #e7e7e7;\" ><div class=\"hover\" style=\"border-radius:5px;background-image:url();\"><\/div><div class=\"wrap-inner\" style=\"position: relative;\"><div class=\"image-wrap\" style=\"width:30px;\">\r\n\t\t\t\t<img decoding=\"async\" alt=\"image\" src=\"https:\/\/www.plitviceholidaylodge.com\/wp-content\/uploads\/2021\/05\/PLitvice-ikone-trans-kucica.png\">\r\n\t\t\t<\/div> <h6 class=\"heading\" style=\"padding-left:85px;\">\r\n\t\t\t<span>Family Bungalow<\/span>\r\n\t\t<\/h6><div class=\"url-wrap\" style=\"padding-left:85px;\">\r\n\t\t\t<a target=\"_blank\" class=\"bauer-links link-style-1\" href=\"https:\/\/www.plitviceholidaylodge.com\/en\/family-bungalow-2\/\" style=\"\">\r\n\t\t\t\t<span class=\"text\">More Details<\/span>\r\n\t\t\t<\/a>\r\n\t\t<\/div> <div class=\"hover\" style=\"border-radius:5px;background-image:url();\"><\/div><\/div><\/div><div class=\"bauer-icon-box clearfix icon-left align-left hover-style-1 simple\" style=\"border-radius:5px;border:1px solid #e7e7e7;\" ><div class=\"hover\" style=\"border-radius:5px;background-image:url();\"><\/div><div class=\"wrap-inner\" style=\"position: relative;\"><div class=\"image-wrap\" style=\"width:30px;\">\r\n\t\t\t\t<img decoding=\"async\" alt=\"image\" src=\"https:\/\/www.plitviceholidaylodge.com\/wp-content\/uploads\/2021\/05\/PLitvice-ikone-trans-konoba.png\">\r\n\t\t\t<\/div> <h6 class=\"heading\" style=\"padding-left:85px;\">\r\n\t\t\t<span>Konoba<\/span>\r\n\t\t<\/h6> <div class=\"hover\" style=\"border-radius:5px;background-image:url();\"><\/div><\/div><\/div><div class=\"bauer-icon-box clearfix icon-left align-left hover-style-1 simple\" style=\"border-radius:5px;border:1px solid #e7e7e7;\" ><div class=\"hover\" style=\"border-radius:5px;background-image:url();\"><\/div><div class=\"wrap-inner\" style=\"position: relative;\"><div class=\"image-wrap\" style=\"width:30px;\">\r\n\t\t\t\t<img decoding=\"async\" alt=\"image\" src=\"https:\/\/www.plitviceholidaylodge.com\/wp-content\/uploads\/2021\/05\/PLitvice-ikone-trans-wllness.png\">\r\n\t\t\t<\/div> <h6 class=\"heading\" style=\"padding-left:85px;\">\r\n\t\t\t<span>Wellness<\/span>\r\n\t\t<\/h6> <div class=\"hover\" style=\"border-radius:5px;background-image:url();\"><\/div><\/div><\/div><div class=\"bauer-icon-box clearfix icon-left align-left hover-style-1 simple\" style=\"border-radius:5px;border:1px solid #e7e7e7;\" ><div class=\"hover\" style=\"border-radius:5px;background-image:url();\"><\/div><div class=\"wrap-inner\" style=\"position: relative;\"><div class=\"image-wrap\" style=\"width:30px;\">\r\n\t\t\t\t<img decoding=\"async\" alt=\"image\" src=\"https:\/\/www.plitviceholidaylodge.com\/wp-content\/uploads\/2021\/05\/PLitvice-ikone-trans-izleti.png\">\r\n\t\t\t<\/div> <h6 class=\"heading\" style=\"padding-left:85px;\">\r\n\t\t\t<span>Vrt<\/span>\r\n\t\t<\/h6> <div class=\"hover\" style=\"border-radius:5px;background-image:url();\"><\/div><\/div><\/div>\r\n\t<div class=\"bauer-spacer clearfix\" data-desktop=\"30\" data-mobi=\"30\" data-smobi=\"30\"><\/div><div class=\"bauer-text clearfix\" style=\"\"><p>Plitvice Holiday Lodge  smje\u0161tena je u \u0161armantnom selu Jezerce, u Nacionalnom parku Plitvi\u010dka jezera. Dizajnom se potpuno uklapa u seoski ambijent te nudi osje\u0107aj mira, spokoja i ugodne doma\u0107inske atmosfere.<\/p>\n<p>U glavnoj se ku\u0107i nalazi sedam luksuznih, prostranih, moderno opremljenih soba s kupaonicama. U opremanju su kori\u0161teni prirodni ekolo\u0161ki materijali me\u0111u kojima se posebno isti\u010de reciklirano drvo staro vi\u0161e od 80 godina. Sobe su prozra\u010dne s dovoljno dnevnog svjetla i nude pogled na na\u0161 pa\u017eljivo odr\u017eavani seoski vrt. U dvori\u0161tu je smje\u0161tena drvena ku\u0107a koja \u0107e pru\u017eiti uto\u010di\u0161te onima koji \u017eele jo\u0161 vi\u0161e privatnosti.<\/p>\n<p>Na\u0161a konoba nudi savr\u0161en prostor za u\u017eivanje u lokalnim specijalitetima spravljenim od namirnica malih doma\u0107ih proizvo\u0111a\u010da te u vinima vrijednih hrvatskih vinara.<\/p>\n<p>U malom, ali vrhunski opremljenom wellnessu, na\u0107i \u0107ete oazu za opu\u0161tanje nakon \u0161to ste provelidan u istra\u017eivanju brojnih lokalnih atrakcija.<\/p>\n<p>Okoli\u0161 smo uredili s posebnom pa\u017enjom nastoje\u0107i svakom na\u0161em gostu ponuditi kutak u kojem bi se mogao zabaviti ili opustiti. Amfiteatar za dru\u017eenje uz logorsku vatru ili velika ljulja\u010dka za opu\u0161tanje, doru\u010dak na drvenim klupama obasjanim planinskim suncem ili u\u017eitak u \u010da\u0161i vina na udobnim le\u017ealjkama u prirodnom hladu\u2026izbor je va\u0161.<\/p>\n<\/div>\r\n\t<div class=\"bauer-spacer clearfix\" data-desktop=\"40\" data-mobi=\"30\" data-smobi=\"30\"><\/div><div class=\"button-wrap icon-right\" style=\"\" ><a href=\"https:\/\/www.plitviceholidaylodge.com\/hr\/services\/\" target=\"_self\" class=\"bauer-button btn-1208049185 medium no_icon custom outline solid outline-accent\" style=\"border-radius:30px;border-width:2px;\"  data-background=\"\" data-text=\"#f35c27\" data-text-hover=\"#ffffff\" data-background-hover=\"#2e7660\">\r\n\t\t<span style=\"\">Pogledajte na\u0161e usluge <\/span>\r\n\t<\/a><\/div><\/div><\/div><\/div><div class=\"wpb_column vc_column_container vc_col-sm-6\"><div class=\"vc_column-inner\"><div class=\"wpb_wrapper\">\r\n\t<div class=\"bauer-spacer clearfix\" data-desktop=\"55\" data-mobi=\"40\" data-smobi=\"40\"><\/div><div class=\"bauer-simple-image text-center\" style=\"\" >\r\n\t\t\t<img decoding=\"async\" alt=\"image\" src=\"https:\/\/www.plitviceholidaylodge.com\/wp-content\/uploads\/2022\/02\/285B8783-scaled.jpg\" \/> \r\n\t\t<\/div>\r\n\t<div class=\"bauer-spacer clearfix\" data-desktop=\"55\" data-mobi=\"40\" data-smobi=\"40\"><\/div><div class=\"bauer-text clearfix\" style=\"\"><p class=\"translation-block\"><i class=\"fa fa-bed\" style=\"color: #2e7660\" aria-hidden=\"true\"><\/i> Sedam luksuzno opremljenih soba s kupaonicama veli\u010dine 26m<sup>2<\/sup>-30m<sup>2<\/sup><\/p>\n<p><i class=\"fa fa-home\" style=\"color: #2e7660;\" aria-hidden=\"true\"><\/i> Jedna drvena ku\u0107ica s kupaonicom veli\u010dine 38m<sup>2<\/sup><\/p>\n<p><i class=\"fa fa-beer\" style=\"color: #2e7660;\" aria-hidden=\"true\"><\/i> Konoba za u\u017eivanje u doma\u0107im gurmanskim specijalitetima i hrvatskim vinima<\/p>\n<p><i class=\"fa fa-tint\" style=\"color: #2e7660;\" aria-hidden=\"true\"><\/i> Wellness<\/p>\n<p><i class=\"fa fa-tree\" style=\"color: #2e7660;\" aria-hidden=\"true\"><\/i> Ure\u0111en okoli\u0161 prepun sadr\u017eaja povr\u0161ine 1000m<sup>2<\/sup><\/p>\n<\/div><\/div><\/div><\/div><\/div><\/div><\/div>\r\n\t<div class=\"bauer-spacer clearfix\" data-desktop=\"100\" data-mobi=\"60\" data-smobi=\"60\"><\/div><\/div><\/div><\/div><\/div><\/div><\/section><\/div><div class=\"vc-custom-col-spacing clearfix vc-col-spacing-30\"><section class=\"wpb_row vc_row-fluid vc_custom_1618744959656 vc_row-has-fill col-aside-img\"><div class=\"image-container img-simple vc_col-sm-6 aside-left\"><div class=\"background-image\" style=\"background-image: url(https:\/\/www.plitviceholidaylodge.com\/wp-content\/uploads\/2021\/03\/rowing-2-1920x897-1.jpg);\"><\/div><div class=\"bauer-video-icon clearfix white\"><a class=\"icon-wrap popup-video\" href=\"https:\/\/www.youtube.com\/watch?v=dMxhF_KH0bY\">play<span class=\"circle\"><\/span><span class=\"circle-2\"><\/span><\/a><\/div><\/div><div class=\"bauer-container\"><div class=\"row-inner clearfix\"><div class=\"wpb_column vc_column_container vc_col-sm-6\"><div class=\"vc_column-inner\"><div class=\"wpb_wrapper\"><\/div><\/div><\/div><div class=\"wpb_column vc_column_container vc_col-sm-6\"><div class=\"vc_column-inner\"><div class=\"wpb_wrapper\"><div class=\"bauer-content-box clearfix\" data-padding=\"0% 0% 0% 20%\" data-mobipadding=\"0% 0% 0% 0%\" data-margin=\"\" data-mobimargin=\"\" >\r\n\t\t<div class=\"inner ctb-316223736\" style=\"\"  data-background=\"\">\r\n\t\t\t\r\n\t<div class=\"bauer-spacer clearfix\" data-desktop=\"40\" data-mobi=\"45\" data-smobi=\"45\"><\/div><div class=\"bauer-single-heading clearfix\" style=\"margin-bottom:24px;\"><span class=\"inner\"><span class=\"heading clearfix\" style=\"font-weight:600;color:#777777;font-size:16px;\">\r\n\t\tSOBE\r\n\t<\/span><\/span><\/div><div class=\"bauer-text clearfix\" style=\"color:#414042;\"><p class=\"translation-block\">Sve su na\u0161e sobe veli\u010dine  26m<sup>2 <\/sup>\u2013 30m<sup>2 <\/sup>te mogu ugostiti najvi\u0161e tri osobe. Modernog su dizajna, opremljene prirodnim ekolo\u0161kim materijalima me\u0111u kojima se isti\u010de reciklirano drvo staro vi\u0161e od 80 godina. Prozra\u010dne su, s dovoljno dnevnog svjetla i nude pogled na pa\u017eljivo odr\u017eavanu seosku oku\u0107nicu.<\/p>\n<p>Biranim detaljima stvorili smo ugo\u0111aj topline i osje\u0107aj \u201e doma daleko od doma\u201c. Tako vam na\u0161i veliki Bernarda Royal kreveti du\u017eine 210cm, s vrhunskim Bernarda Superlux madracima, jam\u010de dobar san i odmor.<\/p>\n<p>Kupaonice su prostrane, opremljene velikim walk in tu\u0161em, fenom, podnim grijanjem te luksuznom kozmetikom i ru\u010dnicima.<\/p>\n<p>Vodili smo ra\u010duna o ekologiji pa je grijanje i hla\u0111enje na\u0161ih soba ekolo\u0161ki prihvatljivo, a kontrola temperature dostupna gostima.<\/p>\n<p>Sobe su opremljene velikim Smart TV ure\u0111ajima, a Wi-Fi je uklju\u010den u cijenu.<\/p>\n<\/div>\r\n\t<div class=\"bauer-spacer clearfix\" data-desktop=\"40\" data-mobi=\"60\" data-smobi=\"60\"><\/div>\r\n\t\t<\/div>\r\n\t<\/div><\/div><\/div><\/div><\/div><\/div><\/section><\/div><div class=\"vc-custom-col-spacing clearfix vc-col-spacing-30\"><section class=\"wpb_row vc_row-fluid vc_custom_1557825100635 vc_row-has-fill\"><div class=\"bauer-container\"><div class=\"row-inner clearfix\"><div class=\"wpb_column vc_column_container vc_col-sm-12\"><div class=\"vc_column-inner\"><div class=\"wpb_wrapper\">\r\n\t<div class=\"bauer-spacer clearfix\" data-desktop=\"100\" data-mobi=\"60\" data-smobi=\"60\"><\/div><\/div><\/div><\/div><\/div><\/div><\/section><\/div>","protected":false},"excerpt":{"rendered":"WELCOME TO PLITVICE HOLIDAY LODGE THE LODGE Superior Double Room More Details Deluxe Double Room More Details King Room More Details Deluxe King Room \u2013 Attic More Details Family Bungalow More Details Tavern Wellness Garden The Plitvice Holiday Lodge is situated in the charming village Jezerce in the National Park","protected":false},"author":1,"featured_media":0,"parent":0,"menu_order":0,"comment_status":"closed","ping_status":"closed","template":"","meta":{"footnotes":"","_links_to":"","_links_to_target":""},"class_list":["post-1316","page","type-page","status-publish","hentry"],"yoast_head":"<!-- This site is optimized with the Yoast SEO plugin v24.2 - https:\/\/yoast.com\/wordpress\/plugins\/seo\/ -->\n<title>PLITVICE HOLIDAY LODGE - Plitvice Holiday Lodge<\/title>\n<meta name=\"description\" content=\"Smje\u0161ten uz Nacionalni park Plitvi\u010dka jezera, Plitvice Holiday Lodge nudi idealnu kombinaciju prirodnih atrakcija,kulturnih ljepota te aktivnog i pasivnog odmora za sve one \u017eeljne dobrog provoda.\" \/>\n<meta name=\"robots\" content=\"index, follow, max-snippet:-1, max-image-preview:large, max-video-preview:-1\" \/>\n<link rel=\"canonical\" href=\"https:\/\/www.plitviceholidaylodge.com\/hr\/plitvice-holiday-house\/\" \/>\n<meta property=\"og:locale\" content=\"hr_HR\" \/>\n<meta property=\"og:type\" content=\"article\" \/>\n<meta property=\"og:title\" content=\"PLITVICE HOLIDAY LODGE - Plitvice Holiday Lodge\" \/>\n<meta property=\"og:description\" content=\"Smje\u0161ten uz Nacionalni park Plitvi\u010dka jezera, Plitvice Holiday Lodge nudi idealnu kombinaciju prirodnih atrakcija,kulturnih ljepota te aktivnog i pasivnog odmora za sve one \u017eeljne dobrog provoda.\" \/>\n<meta property=\"og:url\" content=\"https:\/\/www.plitviceholidaylodge.com\/hr\/plitvice-holiday-house\/\" \/>\n<meta property=\"og:site_name\" content=\"Plitvice Holiday Lodge\" \/>\n<meta property=\"article:publisher\" content=\"https:\/\/www.facebook.com\/PlitviceHolidayLodge\" \/>\n<meta property=\"article:modified_time\" content=\"2023-12-12T13:34:53+00:00\" \/>\n<meta property=\"og:image\" content=\"https:\/\/www.plitviceholidaylodge.com\/wp-content\/uploads\/2022\/03\/285B8844-scaled.jpg\" \/>\n\t<meta property=\"og:image:width\" content=\"2560\" \/>\n\t<meta property=\"og:image:height\" content=\"1707\" \/>\n\t<meta property=\"og:image:type\" content=\"image\/jpeg\" \/>\n<meta name=\"twitter:card\" content=\"summary_large_image\" \/>\n<meta name=\"twitter:label1\" content=\"Procijenjeno vrijeme \u010ditanja\" \/>\n\t<meta name=\"twitter:data1\" content=\"3 minute\" \/>\n<script type=\"application\/ld+json\" class=\"yoast-schema-graph\">{\"@context\":\"https:\/\/schema.org\",\"@graph\":[{\"@type\":\"WebPage\",\"@id\":\"https:\/\/www.plitviceholidaylodge.com\/plitvice-holiday-house\/\",\"url\":\"https:\/\/www.plitviceholidaylodge.com\/plitvice-holiday-house\/\",\"name\":\"PLITVICE HOLIDAY LODGE - Plitvice Holiday Lodge\",\"isPartOf\":{\"@id\":\"https:\/\/www.plitviceholidaylodge.com\/#website\"},\"datePublished\":\"2017-10-16T04:10:26+00:00\",\"dateModified\":\"2023-12-12T13:34:53+00:00\",\"description\":\"Smje\u0161ten uz Nacionalni park Plitvi\u010dka jezera, Plitvice Holiday Lodge nudi idealnu kombinaciju prirodnih atrakcija,kulturnih ljepota te aktivnog i pasivnog odmora za sve one \u017eeljne dobrog provoda.\",\"breadcrumb\":{\"@id\":\"https:\/\/www.plitviceholidaylodge.com\/plitvice-holiday-house\/#breadcrumb\"},\"inLanguage\":\"hr\",\"potentialAction\":[{\"@type\":\"ReadAction\",\"target\":[\"https:\/\/www.plitviceholidaylodge.com\/plitvice-holiday-house\/\"]}]},{\"@type\":\"BreadcrumbList\",\"@id\":\"https:\/\/www.plitviceholidaylodge.com\/plitvice-holiday-house\/#breadcrumb\",\"itemListElement\":[{\"@type\":\"ListItem\",\"position\":1,\"name\":\"Home\",\"item\":\"https:\/\/www.plitviceholidaylodge.com\/\"},{\"@type\":\"ListItem\",\"position\":2,\"name\":\"PLITVICE HOLIDAY LODGE\"}]},{\"@type\":\"WebSite\",\"@id\":\"https:\/\/www.plitviceholidaylodge.com\/#website\",\"url\":\"https:\/\/www.plitviceholidaylodge.com\/\",\"name\":\"Plitvice Holiday Lodge\",\"description\":\"cottage with bed&amp;breakfast\",\"publisher\":{\"@id\":\"https:\/\/www.plitviceholidaylodge.com\/#organization\"},\"alternateName\":\"Plitvice Vacation\",\"potentialAction\":[{\"@type\":\"SearchAction\",\"target\":{\"@type\":\"EntryPoint\",\"urlTemplate\":\"https:\/\/www.plitviceholidaylodge.com\/?s={search_term_string}\"},\"query-input\":{\"@type\":\"PropertyValueSpecification\",\"valueRequired\":true,\"valueName\":\"search_term_string\"}}],\"inLanguage\":\"hr\"},{\"@type\":\"Organization\",\"@id\":\"https:\/\/www.plitviceholidaylodge.com\/#organization\",\"name\":\"Plitvice Holiday Lodge\",\"url\":\"https:\/\/www.plitviceholidaylodge.com\/\",\"logo\":{\"@type\":\"ImageObject\",\"inLanguage\":\"hr\",\"@id\":\"https:\/\/www.plitviceholidaylodge.com\/#\/schema\/logo\/image\/\",\"url\":\"https:\/\/www.plitviceholidaylodge.com\/wp-content\/uploads\/2021\/05\/logo-fin-551x319-1.jpg\",\"contentUrl\":\"https:\/\/www.plitviceholidaylodge.com\/wp-content\/uploads\/2021\/05\/logo-fin-551x319-1.jpg\",\"width\":551,\"height\":319,\"caption\":\"Plitvice Holiday Lodge\"},\"image\":{\"@id\":\"https:\/\/www.plitviceholidaylodge.com\/#\/schema\/logo\/image\/\"},\"sameAs\":[\"https:\/\/www.facebook.com\/PlitviceHolidayLodge\"]}]}<\/script>\n<!-- \/ Yoast SEO plugin. -->","yoast_head_json":{"title":"PLITVICE HOLIDAY LODGE - Plitvice Holiday Lodge","description":"Smje\u0161ten uz Nacionalni park Plitvi\u010dka jezera, Plitvice Holiday Lodge nudi idealnu kombinaciju prirodnih atrakcija,kulturnih ljepota te aktivnog i pasivnog odmora za sve one \u017eeljne dobrog provoda.","robots":{"index":"index","follow":"follow","max-snippet":"max-snippet:-1","max-image-preview":"max-image-preview:large","max-video-preview":"max-video-preview:-1"},"canonical":"https:\/\/www.plitviceholidaylodge.com\/hr\/plitvice-holiday-house\/","og_locale":"hr_HR","og_type":"article","og_title":"PLITVICE HOLIDAY LODGE - Plitvice Holiday Lodge","og_description":"Smje\u0161ten uz Nacionalni park Plitvi\u010dka jezera, Plitvice Holiday Lodge nudi idealnu kombinaciju prirodnih atrakcija,kulturnih ljepota te aktivnog i pasivnog odmora za sve one \u017eeljne dobrog provoda.","og_url":"https:\/\/www.plitviceholidaylodge.com\/hr\/plitvice-holiday-house\/","og_site_name":"Plitvice Holiday Lodge","article_publisher":"https:\/\/www.facebook.com\/PlitviceHolidayLodge","article_modified_time":"2023-12-12T13:34:53+00:00","og_image":[{"width":2560,"height":1707,"url":"https:\/\/www.plitviceholidaylodge.com\/wp-content\/uploads\/2022\/03\/285B8844-scaled.jpg","type":"image\/jpeg"}],"twitter_card":"summary_large_image","twitter_misc":{"Procijenjeno vrijeme \u010ditanja":"3 minute"},"schema":{"@context":"https:\/\/schema.org","@graph":[{"@type":"WebPage","@id":"https:\/\/www.plitviceholidaylodge.com\/plitvice-holiday-house\/","url":"https:\/\/www.plitviceholidaylodge.com\/plitvice-holiday-house\/","name":"PLITVICE HOLIDAY LODGE - Plitvice Holiday Lodge","isPartOf":{"@id":"https:\/\/www.plitviceholidaylodge.com\/#website"},"datePublished":"2017-10-16T04:10:26+00:00","dateModified":"2023-12-12T13:34:53+00:00","description":"Smje\u0161ten uz Nacionalni park Plitvi\u010dka jezera, Plitvice Holiday Lodge nudi idealnu kombinaciju prirodnih atrakcija,kulturnih ljepota te aktivnog i pasivnog odmora za sve one \u017eeljne dobrog provoda.","breadcrumb":{"@id":"https:\/\/www.plitviceholidaylodge.com\/plitvice-holiday-house\/#breadcrumb"},"inLanguage":"hr","potentialAction":[{"@type":"ReadAction","target":["https:\/\/www.plitviceholidaylodge.com\/plitvice-holiday-house\/"]}]},{"@type":"BreadcrumbList","@id":"https:\/\/www.plitviceholidaylodge.com\/plitvice-holiday-house\/#breadcrumb","itemListElement":[{"@type":"ListItem","position":1,"name":"Home","item":"https:\/\/www.plitviceholidaylodge.com\/"},{"@type":"ListItem","position":2,"name":"PLITVICE HOLIDAY LODGE"}]},{"@type":"WebSite","@id":"https:\/\/www.plitviceholidaylodge.com\/#website","url":"https:\/\/www.plitviceholidaylodge.com\/","name":"Plitvice Holiday Lodge","description":"cottage with bed&amp;breakfast","publisher":{"@id":"https:\/\/www.plitviceholidaylodge.com\/#organization"},"alternateName":"Plitvice Vacation","potentialAction":[{"@type":"SearchAction","target":{"@type":"EntryPoint","urlTemplate":"https:\/\/www.plitviceholidaylodge.com\/?s={search_term_string}"},"query-input":{"@type":"PropertyValueSpecification","valueRequired":true,"valueName":"search_term_string"}}],"inLanguage":"hr"},{"@type":"Organization","@id":"https:\/\/www.plitviceholidaylodge.com\/#organization","name":"Plitvice Holiday Lodge","url":"https:\/\/www.plitviceholidaylodge.com\/","logo":{"@type":"ImageObject","inLanguage":"hr","@id":"https:\/\/www.plitviceholidaylodge.com\/#\/schema\/logo\/image\/","url":"https:\/\/www.plitviceholidaylodge.com\/wp-content\/uploads\/2021\/05\/logo-fin-551x319-1.jpg","contentUrl":"https:\/\/www.plitviceholidaylodge.com\/wp-content\/uploads\/2021\/05\/logo-fin-551x319-1.jpg","width":551,"height":319,"caption":"Plitvice Holiday Lodge"},"image":{"@id":"https:\/\/www.plitviceholidaylodge.com\/#\/schema\/logo\/image\/"},"sameAs":["https:\/\/www.facebook.com\/PlitviceHolidayLodge"]}]}},"_links":{"self":[{"href":"https:\/\/www.plitviceholidaylodge.com\/hr\/wp-json\/wp\/v2\/pages\/1316","targetHints":{"allow":["GET"]}}],"collection":[{"href":"https:\/\/www.plitviceholidaylodge.com\/hr\/wp-json\/wp\/v2\/pages"}],"about":[{"href":"https:\/\/www.plitviceholidaylodge.com\/hr\/wp-json\/wp\/v2\/types\/page"}],"author":[{"embeddable":true,"href":"https:\/\/www.plitviceholidaylodge.com\/hr\/wp-json\/wp\/v2\/users\/1"}],"replies":[{"embeddable":true,"href":"https:\/\/www.plitviceholidaylodge.com\/hr\/wp-json\/wp\/v2\/comments?post=1316"}],"version-history":[{"count":86,"href":"https:\/\/www.plitviceholidaylodge.com\/hr\/wp-json\/wp\/v2\/pages\/1316\/revisions"}],"predecessor-version":[{"id":10471,"href":"https:\/\/www.plitviceholidaylodge.com\/hr\/wp-json\/wp\/v2\/pages\/1316\/revisions\/10471"}],"wp:attachment":[{"href":"https:\/\/www.plitviceholidaylodge.com\/hr\/wp-json\/wp\/v2\/media?parent=1316"}],"curies":[{"name":"wp","href":"https:\/\/api.w.org\/{rel}","templated":true}]}}