{"id":2288,"date":"2017-12-07T02:25:11","date_gmt":"2017-12-07T02:25:11","guid":{"rendered":"http:\/\/ninzio.com\/bauer\/?page_id=2288"},"modified":"2025-07-02T17:06:54","modified_gmt":"2025-07-02T16:06:54","slug":"activities","status":"publish","type":"page","link":"https:\/\/www.plitviceholidaylodge.com\/hr\/activities\/","title":{"rendered":"AKTIVNOSTI"},"content":{"rendered":"<div class=\"vc-custom-col-spacing clearfix vc-col-spacing-30\"><section class=\"wpb_row vc_row-fluid vc_custom_1558852808417 vc_row-has-fill no-padding\"><div class=\"row-inner clearfix\"><div class=\"wpb_column vc_column_container vc_col-sm-12\"><div class=\"vc_column-inner\"><div class=\"wpb_wrapper\">\r\n\t<div class=\"bauer-spacer clearfix\" data-desktop=\"94\" data-mobi=\"60\" data-smobi=\"60\"><\/div><div class=\"bauer-content-box clearfix\" data-padding=\"0px 15px 0px 15px\" data-mobipadding=\"0px 15px 0px 15px\" data-margin=\"\" data-mobimargin=\"\" >\r\n\t\t<div class=\"inner ctb-1248745976\" style=\"\"  data-background=\"\">\r\n\t\t\t<div class=\"bauer-single-heading clearfix text-center\" style=\"margin-bottom:24px;\"><span class=\"inner\"><span class=\"heading clearfix\" style=\"font-weight:600;color:#777777;font-size:16px;\">\r\n\t\tAKTIVNOSTI &amp; ATRAKCIJE\r\n\t<\/span><\/span><\/div><h2 class=\"bauer-text clearfix text-center\" style=\"font-size:42px;line-height:50px;margin-bottom:30px;max-width:730px;margin-left: auto; margin-right: auto;\"><p>Nezaboravno iskustvo i odmor<\/p>\n<\/h2><div class=\"bauer-text clearfix text-center\" style=\"font-size:18px;line-height:30px;color:#414042;max-width:730px;margin-left: auto; margin-right: auto;\"><p>We are proud to introduce to you our local acivities and atractions. You will find a diverse gallery of Natural beauties, Cycling paths, Hiking and trekking, Adventure activities, Cultural sights and Gastronomy recommendations.<\/p>\n<p>&nbsp;<\/p>\n<\/div>\r\n\t\t<\/div>\r\n\t<\/div>\r\n\t<div class=\"bauer-spacer clearfix\" data-desktop=\"70\" data-mobi=\"40\" data-smobi=\"40\"><\/div>\r\n<div class=\"bauer-project arrow-center bullet-square offsetcenter offset-v0\" data-auto=\"false\" data-column=\"6\" data-column2=\"2\" data-column3=\"1\" data-gap=\"5\">\r\n<div style=\"\">\r\n\r\n\t\r\n\t<div class=\"owl-carousel owl-theme\">\r\n\t    \t\t\t<div class=\"project-box style-2\">\r\n\r\n\t\t\t\t\t<div class=\"project-image\"><div class=\"inner\"><img loading=\"lazy\" decoding=\"async\" width=\"425\" height=\"570\" src=\"https:\/\/www.plitviceholidaylodge.com\/wp-content\/uploads\/2021\/03\/JEZERA-ODOZGO-2-1920x897-1-425x570.jpg\" class=\"attachment-bauer-rectangle1 size-bauer-rectangle1 wp-post-image\" alt=\"JEZERA ODOZGO 2 1920x897 1\" \/><div class=\"icons\"><a href=\"https:\/\/www.plitviceholidaylodge.com\/hr\/project\/scenic-attractions\/\">next<\/a><\/div><div class=\"hover-info\"><h2 class=\"project-title\"><a href=\"https:\/\/www.plitviceholidaylodge.com\/hr\/project\/scenic-attractions\/\">Prirodne ljepote<\/a><\/h2><div class=\"project-desc\"><\/div><\/div><\/div><\/div>\r\n\t\t\t<\/div><!-- \/.project-box -->\r\n\t\t\t\t\t<div class=\"project-box style-2\">\r\n\r\n\t\t\t\t\t<div class=\"project-image\"><div class=\"inner\"><img loading=\"lazy\" decoding=\"async\" width=\"425\" height=\"570\" src=\"https:\/\/www.plitviceholidaylodge.com\/wp-content\/uploads\/2021\/03\/biciklisticke-staze-featured2-425x570.jpg\" class=\"attachment-bauer-rectangle1 size-bauer-rectangle1 wp-post-image\" alt=\"biciklisticke staze featured2\" \/><div class=\"icons\"><a href=\"https:\/\/www.plitviceholidaylodge.com\/hr\/project\/cycling-trails\/\">next<\/a><\/div><div class=\"hover-info\"><h2 class=\"project-title\"><a href=\"https:\/\/www.plitviceholidaylodge.com\/hr\/project\/cycling-trails\/\">Biciklisti\u010dke staze<\/a><\/h2><div class=\"project-desc\"><\/div><\/div><\/div><\/div>\r\n\t\t\t<\/div><!-- \/.project-box -->\r\n\t\t\t\t\t<div class=\"project-box style-2\">\r\n\r\n\t\t\t\t\t<div class=\"project-image\"><div class=\"inner\"><img loading=\"lazy\" decoding=\"async\" width=\"425\" height=\"570\" src=\"https:\/\/www.plitviceholidaylodge.com\/wp-content\/uploads\/2021\/04\/pjesacka-staza-features-425x570.jpg\" class=\"attachment-bauer-rectangle1 size-bauer-rectangle1 wp-post-image\" alt=\"pjesacka staza features\" srcset=\"https:\/\/www.plitviceholidaylodge.com\/wp-content\/uploads\/2021\/04\/pjesacka-staza-features-425x570.jpg 425w, https:\/\/www.plitviceholidaylodge.com\/wp-content\/uploads\/2021\/04\/pjesacka-staza-features-9x12.jpg 9w\" sizes=\"auto, (max-width: 425px) 100vw, 425px\" \/><div class=\"icons\"><a href=\"https:\/\/www.plitviceholidaylodge.com\/hr\/project\/walking-hiking\/\">next<\/a><\/div><div class=\"hover-info\"><h2 class=\"project-title\"><a href=\"https:\/\/www.plitviceholidaylodge.com\/hr\/project\/walking-hiking\/\">Pje\u0161a\u010denje i planinarenje<\/a><\/h2><div class=\"project-desc\"><\/div><\/div><\/div><\/div>\r\n\t\t\t<\/div><!-- \/.project-box -->\r\n\t\t\t\t\t<div class=\"project-box style-2\">\r\n\r\n\t\t\t\t\t<div class=\"project-image\"><div class=\"inner\"><img loading=\"lazy\" decoding=\"async\" width=\"425\" height=\"570\" src=\"https:\/\/www.plitviceholidaylodge.com\/wp-content\/uploads\/2021\/04\/drzenik-feature-425x570.jpg\" class=\"attachment-bauer-rectangle1 size-bauer-rectangle1 wp-post-image\" alt=\"drzenik feature\" srcset=\"https:\/\/www.plitviceholidaylodge.com\/wp-content\/uploads\/2021\/04\/drzenik-feature-425x570.jpg 425w, https:\/\/www.plitviceholidaylodge.com\/wp-content\/uploads\/2021\/04\/drzenik-feature-9x12.jpg 9w\" sizes=\"auto, (max-width: 425px) 100vw, 425px\" \/><div class=\"icons\"><a href=\"https:\/\/www.plitviceholidaylodge.com\/hr\/project\/excursions\/\">next<\/a><\/div><div class=\"hover-info\"><h2 class=\"project-title\"><a href=\"https:\/\/www.plitviceholidaylodge.com\/hr\/project\/excursions\/\">Izleti<\/a><\/h2><div class=\"project-desc\"><\/div><\/div><\/div><\/div>\r\n\t\t\t<\/div><!-- \/.project-box -->\r\n\t\t\t\t\t<div class=\"project-box style-2\">\r\n\r\n\t\t\t\t\t<div class=\"project-image\"><div class=\"inner\"><img loading=\"lazy\" decoding=\"async\" width=\"425\" height=\"570\" src=\"https:\/\/www.plitviceholidaylodge.com\/wp-content\/uploads\/2021\/04\/rafting-una-features-425x570.jpg\" class=\"attachment-bauer-rectangle1 size-bauer-rectangle1 wp-post-image\" alt=\"rafting una features\" srcset=\"https:\/\/www.plitviceholidaylodge.com\/wp-content\/uploads\/2021\/04\/rafting-una-features-425x570.jpg 425w, https:\/\/www.plitviceholidaylodge.com\/wp-content\/uploads\/2021\/04\/rafting-una-features-9x12.jpg 9w\" sizes=\"auto, (max-width: 425px) 100vw, 425px\" \/><div class=\"icons\"><a href=\"https:\/\/www.plitviceholidaylodge.com\/hr\/project\/adventure-activities\/\">next<\/a><\/div><div class=\"hover-info\"><h2 class=\"project-title\"><a href=\"https:\/\/www.plitviceholidaylodge.com\/hr\/project\/adventure-activities\/\">Avanturisti\u010dke aktivnosti<\/a><\/h2><div class=\"project-desc\"><\/div><\/div><\/div><\/div>\r\n\t\t\t<\/div><!-- \/.project-box -->\r\n\t\t\t\t\t<div class=\"project-box style-2\">\r\n\r\n\t\t\t\t\t<div class=\"project-image\"><div class=\"inner\"><img loading=\"lazy\" decoding=\"async\" width=\"425\" height=\"570\" src=\"https:\/\/www.plitviceholidaylodge.com\/wp-content\/uploads\/2021\/03\/Spomen-dom-dr.-Ante-Starcevica-2-425x570.jpg\" class=\"attachment-bauer-rectangle1 size-bauer-rectangle1 wp-post-image\" alt=\"Spomen dom dr. Ante Starcevica 2\" \/><div class=\"icons\"><a href=\"https:\/\/www.plitviceholidaylodge.com\/hr\/project\/sights\/\">next<\/a><\/div><div class=\"hover-info\"><h2 class=\"project-title\"><a href=\"https:\/\/www.plitviceholidaylodge.com\/hr\/project\/sights\/\">Kulturne znamenitosti<\/a><\/h2><div class=\"project-desc\"><\/div><\/div><\/div><\/div>\r\n\t\t\t<\/div><!-- \/.project-box -->\r\n\t\t\t\t\t<div class=\"project-box style-2\">\r\n\r\n\t\t\t\t\t<div class=\"project-image\"><div class=\"inner\"><img loading=\"lazy\" decoding=\"async\" width=\"425\" height=\"570\" src=\"https:\/\/www.plitviceholidaylodge.com\/wp-content\/uploads\/2021\/04\/gastronomija-feature-425x570.jpg\" class=\"attachment-bauer-rectangle1 size-bauer-rectangle1 wp-post-image\" alt=\"gastronomija feature\" srcset=\"https:\/\/www.plitviceholidaylodge.com\/wp-content\/uploads\/2021\/04\/gastronomija-feature-425x570.jpg 425w, https:\/\/www.plitviceholidaylodge.com\/wp-content\/uploads\/2021\/04\/gastronomija-feature-9x12.jpg 9w\" sizes=\"auto, (max-width: 425px) 100vw, 425px\" \/><div class=\"icons\"><a href=\"https:\/\/www.plitviceholidaylodge.com\/hr\/project\/gastronomy\/\">next<\/a><\/div><div class=\"hover-info\"><h2 class=\"project-title\"><a href=\"https:\/\/www.plitviceholidaylodge.com\/hr\/project\/gastronomy\/\">Gastronomija<\/a><\/h2><div class=\"project-desc\"><\/div><\/div><\/div><\/div>\r\n\t\t\t<\/div><!-- \/.project-box -->\r\n\t\t\t<\/div><!-- \/.owl-carousel -->\r\n\r\n\r\n<\/div>\r\n<\/div><!-- \/.bauer-project -->\r\n\r\n<\/div><\/div><\/div><\/div><\/section><\/div><div class=\"vc-custom-col-spacing clearfix vc-col-spacing-30\"><section class=\"wpb_row vc_row-fluid vc_custom_1558852781310 vc_row-has-fill\"><div class=\"bauer-container\"><div class=\"row-inner clearfix\"><div class=\"wpb_column vc_column_container vc_col-sm-12\"><div class=\"vc_column-inner\"><div class=\"wpb_wrapper\">\r\n\t<div class=\"bauer-spacer clearfix\" data-desktop=\"94\" data-mobi=\"60\" data-smobi=\"60\"><\/div><div class=\"bauer-content-box clearfix\" ><div class=\"vc-custom-col-inner-spacing clearfix vc-col-inner-spacing-30\"><div class=\"wpb_row vc_inner vc_row-fluid\"><div class=\"wpb_column vc_column_container vc_col-sm-6\"><div class=\"vc_column-inner\"><div class=\"wpb_wrapper\"><div class=\"bauer-single-heading clearfix\" style=\"margin-bottom:25px;\"><span class=\"inner\"><span class=\"heading clearfix\" style=\"font-weight:600;color:#777777;font-size:16px;\">\r\n\t\tAKTIVNOSTI\r\n\t<\/span><\/span><\/div><h2 class=\"bauer-text clearfix\" style=\"font-size:42px;line-height:50px;color:#030f27;\"><p>Nezaboravno iskustvo i odmor<\/p>\n<\/h2><\/div><\/div><\/div><div class=\"wpb_column vc_column_container vc_col-sm-6\"><div class=\"vc_column-inner\"><div class=\"wpb_wrapper\">\r\n\t<div class=\"bauer-spacer clearfix\" data-desktop=\"52\" data-mobi=\"30\" data-smobi=\"30\"><\/div><div class=\"bauer-text clearfix\" style=\"font-size:18px;line-height:30px;color:#414042;\"><p>Smje\u0161tena u \u0161armantnom seoskom krajoliku u Nacionalnom parku Plitvi\u010dka jezera, Plitvice Holiday Lodge, nude sedam luksuzno opremljenih soba te jednu zasebnu drvenu ku\u0107icu. Mjesto je to prirodne seoske ljepote i mira. Vrhunska usluga te doma\u0107i specijaliteti, pripravljeni od namirnica nabavljenih od malih doma\u0107ih proizvo\u0111a\u010da, u\u010dinit \u0107e va\u0161 boravak u B&amp;B Plitvice Holiday Lodge nezaboravnim.<\/p>\n<\/div><\/div><\/div><\/div><\/div><\/div><\/div>\r\n\t<div class=\"bauer-spacer clearfix\" data-desktop=\"70\" data-mobi=\"50\" data-smobi=\"50\"><\/div><\/div><\/div><\/div><\/div><\/div><\/section><\/div>","protected":false},"excerpt":{"rendered":"The main characteristic of Lika's regional cuisine is its \u201chome-made\u201d spirit and presentation. These everyday meals are locally sourced from nearby producers and family-owned farms. Lika is well known for its dairy products, honey, and lamb meat. Potatoes from Lika are known as the best in Croatia. Fish lovers must","protected":false},"author":1,"featured_media":0,"parent":0,"menu_order":0,"comment_status":"closed","ping_status":"closed","template":"","meta":{"footnotes":"","_links_to":"","_links_to_target":""},"class_list":["post-2288","page","type-page","status-publish","hentry"],"yoast_head":"<!-- This site is optimized with the Yoast SEO plugin v24.2 - https:\/\/yoast.com\/wordpress\/plugins\/seo\/ -->\n<title>ACTIVITIES - Plitvice Holiday Lodge<\/title>\n<meta name=\"description\" content=\"Smje\u0161ten uz Nacionalni park Plitvi\u010dka jezera, Plitvice Holiday Lodge nudi idealnu kombinaciju prirodnih atrakcija,kulturnih ljepota te aktivnog i pasivnog odmora za sve one \u017eeljne dobrog provoda.\" \/>\n<meta name=\"robots\" content=\"index, follow, max-snippet:-1, max-image-preview:large, max-video-preview:-1\" \/>\n<link rel=\"canonical\" href=\"https:\/\/www.plitviceholidaylodge.com\/hr\/activities\/\" \/>\n<meta property=\"og:locale\" content=\"hr_HR\" \/>\n<meta property=\"og:type\" content=\"article\" \/>\n<meta property=\"og:title\" content=\"ACTIVITIES - Plitvice Holiday Lodge\" \/>\n<meta property=\"og:description\" content=\"Smje\u0161ten uz Nacionalni park Plitvi\u010dka jezera, Plitvice Holiday Lodge nudi idealnu kombinaciju prirodnih atrakcija,kulturnih ljepota te aktivnog i pasivnog odmora za sve one \u017eeljne dobrog provoda.\" \/>\n<meta property=\"og:url\" content=\"https:\/\/www.plitviceholidaylodge.com\/hr\/activities\/\" \/>\n<meta property=\"og:site_name\" content=\"Plitvice Holiday Lodge\" \/>\n<meta property=\"article:publisher\" content=\"https:\/\/www.facebook.com\/PlitviceHolidayLodge\" \/>\n<meta property=\"article:modified_time\" content=\"2025-07-02T16:06:54+00:00\" \/>\n<meta property=\"og:image\" content=\"https:\/\/www.plitviceholidaylodge.com\/wp-content\/uploads\/2022\/03\/285B8844-scaled.jpg\" \/>\n\t<meta property=\"og:image:width\" content=\"2560\" \/>\n\t<meta property=\"og:image:height\" content=\"1707\" \/>\n\t<meta property=\"og:image:type\" content=\"image\/jpeg\" \/>\n<meta name=\"twitter:card\" content=\"summary_large_image\" \/>\n<meta name=\"twitter:label1\" content=\"Procijenjeno vrijeme \u010ditanja\" \/>\n\t<meta name=\"twitter:data1\" content=\"1 minuta\" \/>\n<script type=\"application\/ld+json\" class=\"yoast-schema-graph\">{\"@context\":\"https:\/\/schema.org\",\"@graph\":[{\"@type\":\"WebPage\",\"@id\":\"https:\/\/www.plitviceholidaylodge.com\/activities\/\",\"url\":\"https:\/\/www.plitviceholidaylodge.com\/activities\/\",\"name\":\"ACTIVITIES - Plitvice Holiday Lodge\",\"isPartOf\":{\"@id\":\"https:\/\/www.plitviceholidaylodge.com\/#website\"},\"datePublished\":\"2017-12-07T02:25:11+00:00\",\"dateModified\":\"2025-07-02T16:06:54+00:00\",\"description\":\"Smje\u0161ten uz Nacionalni park Plitvi\u010dka jezera, Plitvice Holiday Lodge nudi idealnu kombinaciju prirodnih atrakcija,kulturnih ljepota te aktivnog i pasivnog odmora za sve one \u017eeljne dobrog provoda.\",\"breadcrumb\":{\"@id\":\"https:\/\/www.plitviceholidaylodge.com\/activities\/#breadcrumb\"},\"inLanguage\":\"hr\",\"potentialAction\":[{\"@type\":\"ReadAction\",\"target\":[\"https:\/\/www.plitviceholidaylodge.com\/activities\/\"]}]},{\"@type\":\"BreadcrumbList\",\"@id\":\"https:\/\/www.plitviceholidaylodge.com\/activities\/#breadcrumb\",\"itemListElement\":[{\"@type\":\"ListItem\",\"position\":1,\"name\":\"Home\",\"item\":\"https:\/\/www.plitviceholidaylodge.com\/\"},{\"@type\":\"ListItem\",\"position\":2,\"name\":\"ACTIVITIES\"}]},{\"@type\":\"WebSite\",\"@id\":\"https:\/\/www.plitviceholidaylodge.com\/#website\",\"url\":\"https:\/\/www.plitviceholidaylodge.com\/\",\"name\":\"Plitvice Holiday Lodge\",\"description\":\"cottage with bed&amp;breakfast\",\"publisher\":{\"@id\":\"https:\/\/www.plitviceholidaylodge.com\/#organization\"},\"alternateName\":\"Plitvice Vacation\",\"potentialAction\":[{\"@type\":\"SearchAction\",\"target\":{\"@type\":\"EntryPoint\",\"urlTemplate\":\"https:\/\/www.plitviceholidaylodge.com\/?s={search_term_string}\"},\"query-input\":{\"@type\":\"PropertyValueSpecification\",\"valueRequired\":true,\"valueName\":\"search_term_string\"}}],\"inLanguage\":\"hr\"},{\"@type\":\"Organization\",\"@id\":\"https:\/\/www.plitviceholidaylodge.com\/#organization\",\"name\":\"Plitvice Holiday Lodge\",\"url\":\"https:\/\/www.plitviceholidaylodge.com\/\",\"logo\":{\"@type\":\"ImageObject\",\"inLanguage\":\"hr\",\"@id\":\"https:\/\/www.plitviceholidaylodge.com\/#\/schema\/logo\/image\/\",\"url\":\"https:\/\/www.plitviceholidaylodge.com\/wp-content\/uploads\/2021\/05\/logo-fin-551x319-1.jpg\",\"contentUrl\":\"https:\/\/www.plitviceholidaylodge.com\/wp-content\/uploads\/2021\/05\/logo-fin-551x319-1.jpg\",\"width\":551,\"height\":319,\"caption\":\"Plitvice Holiday Lodge\"},\"image\":{\"@id\":\"https:\/\/www.plitviceholidaylodge.com\/#\/schema\/logo\/image\/\"},\"sameAs\":[\"https:\/\/www.facebook.com\/PlitviceHolidayLodge\"]}]}<\/script>\n<!-- \/ Yoast SEO plugin. -->","yoast_head_json":{"title":"ACTIVITIES - Plitvice Holiday Lodge","description":"Smje\u0161ten uz Nacionalni park Plitvi\u010dka jezera, Plitvice Holiday Lodge nudi idealnu kombinaciju prirodnih atrakcija,kulturnih ljepota te aktivnog i pasivnog odmora za sve one \u017eeljne dobrog provoda.","robots":{"index":"index","follow":"follow","max-snippet":"max-snippet:-1","max-image-preview":"max-image-preview:large","max-video-preview":"max-video-preview:-1"},"canonical":"https:\/\/www.plitviceholidaylodge.com\/hr\/activities\/","og_locale":"hr_HR","og_type":"article","og_title":"ACTIVITIES - Plitvice Holiday Lodge","og_description":"Smje\u0161ten uz Nacionalni park Plitvi\u010dka jezera, Plitvice Holiday Lodge nudi idealnu kombinaciju prirodnih atrakcija,kulturnih ljepota te aktivnog i pasivnog odmora za sve one \u017eeljne dobrog provoda.","og_url":"https:\/\/www.plitviceholidaylodge.com\/hr\/activities\/","og_site_name":"Plitvice Holiday Lodge","article_publisher":"https:\/\/www.facebook.com\/PlitviceHolidayLodge","article_modified_time":"2025-07-02T16:06:54+00:00","og_image":[{"width":2560,"height":1707,"url":"https:\/\/www.plitviceholidaylodge.com\/wp-content\/uploads\/2022\/03\/285B8844-scaled.jpg","type":"image\/jpeg"}],"twitter_card":"summary_large_image","twitter_misc":{"Procijenjeno vrijeme \u010ditanja":"1 minuta"},"schema":{"@context":"https:\/\/schema.org","@graph":[{"@type":"WebPage","@id":"https:\/\/www.plitviceholidaylodge.com\/activities\/","url":"https:\/\/www.plitviceholidaylodge.com\/activities\/","name":"ACTIVITIES - Plitvice Holiday Lodge","isPartOf":{"@id":"https:\/\/www.plitviceholidaylodge.com\/#website"},"datePublished":"2017-12-07T02:25:11+00:00","dateModified":"2025-07-02T16:06:54+00:00","description":"Smje\u0161ten uz Nacionalni park Plitvi\u010dka jezera, Plitvice Holiday Lodge nudi idealnu kombinaciju prirodnih atrakcija,kulturnih ljepota te aktivnog i pasivnog odmora za sve one \u017eeljne dobrog provoda.","breadcrumb":{"@id":"https:\/\/www.plitviceholidaylodge.com\/activities\/#breadcrumb"},"inLanguage":"hr","potentialAction":[{"@type":"ReadAction","target":["https:\/\/www.plitviceholidaylodge.com\/activities\/"]}]},{"@type":"BreadcrumbList","@id":"https:\/\/www.plitviceholidaylodge.com\/activities\/#breadcrumb","itemListElement":[{"@type":"ListItem","position":1,"name":"Home","item":"https:\/\/www.plitviceholidaylodge.com\/"},{"@type":"ListItem","position":2,"name":"ACTIVITIES"}]},{"@type":"WebSite","@id":"https:\/\/www.plitviceholidaylodge.com\/#website","url":"https:\/\/www.plitviceholidaylodge.com\/","name":"Plitvice Holiday Lodge","description":"cottage with bed&amp;breakfast","publisher":{"@id":"https:\/\/www.plitviceholidaylodge.com\/#organization"},"alternateName":"Plitvice Vacation","potentialAction":[{"@type":"SearchAction","target":{"@type":"EntryPoint","urlTemplate":"https:\/\/www.plitviceholidaylodge.com\/?s={search_term_string}"},"query-input":{"@type":"PropertyValueSpecification","valueRequired":true,"valueName":"search_term_string"}}],"inLanguage":"hr"},{"@type":"Organization","@id":"https:\/\/www.plitviceholidaylodge.com\/#organization","name":"Plitvice Holiday Lodge","url":"https:\/\/www.plitviceholidaylodge.com\/","logo":{"@type":"ImageObject","inLanguage":"hr","@id":"https:\/\/www.plitviceholidaylodge.com\/#\/schema\/logo\/image\/","url":"https:\/\/www.plitviceholidaylodge.com\/wp-content\/uploads\/2021\/05\/logo-fin-551x319-1.jpg","contentUrl":"https:\/\/www.plitviceholidaylodge.com\/wp-content\/uploads\/2021\/05\/logo-fin-551x319-1.jpg","width":551,"height":319,"caption":"Plitvice Holiday Lodge"},"image":{"@id":"https:\/\/www.plitviceholidaylodge.com\/#\/schema\/logo\/image\/"},"sameAs":["https:\/\/www.facebook.com\/PlitviceHolidayLodge"]}]}},"_links":{"self":[{"href":"https:\/\/www.plitviceholidaylodge.com\/hr\/wp-json\/wp\/v2\/pages\/2288","targetHints":{"allow":["GET"]}}],"collection":[{"href":"https:\/\/www.plitviceholidaylodge.com\/hr\/wp-json\/wp\/v2\/pages"}],"about":[{"href":"https:\/\/www.plitviceholidaylodge.com\/hr\/wp-json\/wp\/v2\/types\/page"}],"author":[{"embeddable":true,"href":"https:\/\/www.plitviceholidaylodge.com\/hr\/wp-json\/wp\/v2\/users\/1"}],"replies":[{"embeddable":true,"href":"https:\/\/www.plitviceholidaylodge.com\/hr\/wp-json\/wp\/v2\/comments?post=2288"}],"version-history":[{"count":31,"href":"https:\/\/www.plitviceholidaylodge.com\/hr\/wp-json\/wp\/v2\/pages\/2288\/revisions"}],"predecessor-version":[{"id":10505,"href":"https:\/\/www.plitviceholidaylodge.com\/hr\/wp-json\/wp\/v2\/pages\/2288\/revisions\/10505"}],"wp:attachment":[{"href":"https:\/\/www.plitviceholidaylodge.com\/hr\/wp-json\/wp\/v2\/media?parent=2288"}],"curies":[{"name":"wp","href":"https:\/\/api.w.org\/{rel}","templated":true}]}}